{"id":6189,"date":"2021-03-09T10:29:29","date_gmt":"2021-03-09T10:29:29","guid":{"rendered":"https:\/\/sua.eus\/cookie-politika\/"},"modified":"2025-12-04T09:31:30","modified_gmt":"2025-12-04T09:31:30","slug":"politica-de-cookies","status":"publish","type":"page","link":"https:\/\/sua.eus\/es\/politica-de-cookies\/","title":{"rendered":"Pol\u00edtica de Cookies"},"content":{"rendered":"\n<p>Cookie es un fichero que se descarga en su ordenador al acceder a determinadas p\u00e1ginas web. Las cookies permiten a una p\u00e1gina web, entre otras cosas, almacenar y recuperar informaci\u00f3n sobre los h\u00e1bitos de navegaci\u00f3n de un usuario o de su equipo y, dependiendo de la informaci\u00f3n que contengan y de la forma en que utilice su equipo, pueden utilizarse para reconocer al usuario. El navegador del usuario memoriza cookies en el disco duro solamente durante la sesi\u00f3n actual ocupando un espacio de memoria m\u00ednimo y no perjudicando al ordenador. Las cookies no contienen ninguna clase de informaci\u00f3n personal espec\u00edfica, y la mayor\u00eda de las mismas se borran del disco duro al finalizar la sesi\u00f3n de navegador (las denominadas cookies de sesi\u00f3n).<\/p>\n\n\n\n<p>La mayor\u00eda de los navegadores aceptan como est\u00e1ndar a las cookies y, con independencia de las mismas, permiten o impiden en los ajustes de seguridad las cookies temporales o memorizadas.<\/p>\n\n\n\n<h3 class=\"wp-block-heading\">Las cookies que utilizamos en nuestra web<\/h3>\n\n\n\n<p>Utilizamos estas cookies:<\/p>\n\n\n<p>[wcc_category_list]<\/p>\n\n\n\n<p id=\"block-cc7b7d53-8491-440c-8375-a97e7a885164\"><strong>Administrar preferencias de cookies<\/strong><\/p>\n\n\n\n<p id=\"block-cc7b7d53-8491-440c-8375-a97e7a885164\">Puede cambiar sus preferencias de cookies en cualquier momento haciendo clic en el bot\u00f3n[wcc_preference_button]. Esto le permitir\u00e1 volver a ver el indicador de consentimiento de cookies y cambiar sus preferencias o retirar el consentimiento inmediatamente. Adem\u00e1s, cada navegador ofrece diferentes m\u00e9todos para bloquear y eliminar las cookies utilizadas por los sitios web. Puede cambiar la configuraci\u00f3n de su navegador para bloquear o eliminar las cookies. A continuaci\u00f3n, encontrar\u00e1 enlaces a documentos de soporte que explican c\u00f3mo administrar y eliminar las cookies de los principales navegadores web.<\/p>\n\n\n\n<p id=\"block-cc7b7d53-8491-440c-8375-a97e7a885164\">Chrome:&nbsp;<a href=\"https:\/\/support.google.com\/accounts\/answer\/32050\" target=\"_blank\" rel=\"noreferrer noopener\">https:\/\/support.google.com\/accounts\/answer\/32050<\/a><br>Safari:&nbsp;<a href=\"https:\/\/support.apple.com\/en-in\/guide\/safari\/sfri11471\/mac\" target=\"_blank\" rel=\"noreferrer noopener\">https:\/\/support.apple.com\/en-in\/guide\/safari\/sfri11471\/mac<\/a><br>Firefox:&nbsp;<a href=\"https:\/\/support.mozilla.org\/en-US\/kb\/clear-cookies-and-site-data-firefox?redirectslug=delete-cookies-remove-info-websites-stored&amp;redirectlocale=en-US\" target=\"_blank\" rel=\"noreferrer noopener\">https:\/\/support.mozilla.org\/en-US\/kb\/clear-cookies-and-site-data-firefox?redirectslug=delete-cookies-remove-info-websites-stored&amp;redirectlocale=en-US<\/a><br>Microsoft Edge:&nbsp;<a href=\"https:\/\/support.microsoft.com\/en-us\/microsoft-edge\/delete-cookies-in-microsoft-edge-63947406-40ac-c3b8-57b9-2a946a29ae09\" target=\"_blank\" rel=\"noreferrer noopener\">Delete cookies in Microsoft Edge \u2013 Microsoft Support<\/a><\/p>\n\n\n\n<div style=\"height:100px\" aria-hidden=\"true\" class=\"wp-block-spacer\"><\/div>\n","protected":false},"excerpt":{"rendered":"<p>Cookie es un fichero que se descarga en su ordenador al acceder a determinadas p\u00e1ginas web. Las cookies permiten a una p\u00e1gina web, entre otras cosas, almacenar y recuperar informaci\u00f3n sobre los h\u00e1bitos de navegaci\u00f3n de un usuario o de su equipo y, dependiendo de la informaci\u00f3n que contengan y de la forma en que [&hellip;]<\/p>\n","protected":false},"author":1,"featured_media":0,"parent":0,"menu_order":0,"comment_status":"closed","ping_status":"closed","template":"","meta":{"footnotes":""},"class_list":["post-6189","page","type-page","status-publish","hentry"],"acf":[],"_links":{"self":[{"href":"https:\/\/sua.eus\/es\/wp-json\/wp\/v2\/pages\/6189","targetHints":{"allow":["GET"]}}],"collection":[{"href":"https:\/\/sua.eus\/es\/wp-json\/wp\/v2\/pages"}],"about":[{"href":"https:\/\/sua.eus\/es\/wp-json\/wp\/v2\/types\/page"}],"author":[{"embeddable":true,"href":"https:\/\/sua.eus\/es\/wp-json\/wp\/v2\/users\/1"}],"replies":[{"embeddable":true,"href":"https:\/\/sua.eus\/es\/wp-json\/wp\/v2\/comments?post=6189"}],"version-history":[{"count":4,"href":"https:\/\/sua.eus\/es\/wp-json\/wp\/v2\/pages\/6189\/revisions"}],"predecessor-version":[{"id":8517,"href":"https:\/\/sua.eus\/es\/wp-json\/wp\/v2\/pages\/6189\/revisions\/8517"}],"wp:attachment":[{"href":"https:\/\/sua.eus\/es\/wp-json\/wp\/v2\/media?parent=6189"}],"curies":[{"name":"wp","href":"https:\/\/api.w.org\/{rel}","templated":true}]}}