{"id":862,"date":"2019-07-19T09:13:32","date_gmt":"2019-07-19T09:13:32","guid":{"rendered":"https:\/\/sua.eus\/?page_id=862"},"modified":"2020-05-05T09:11:12","modified_gmt":"2020-05-05T09:11:12","slug":"sua-edizioak","status":"publish","type":"page","link":"https:\/\/sua.eus\/es\/sua-edizioak\/","title":{"rendered":"Sua edizioak"},"content":{"rendered":"<p>SUA es una de las editoriales que forma parte de Elkar Argitaletxeak S.L. Naci\u00f3 en 1988 con unos valores que a\u00fan defendemos: nos mueven la monta\u00f1a, la cultura y la naturaleza, pero, sobre todo, la curiosidad y las ganas de conocer. As\u00ed, de nuestra redacci\u00f3n han salido decenas de miles de fotograf\u00edas, art\u00edculos, mapas, propuestas, ideas&#8230; porque adem\u00e1s de libros de viaje y de naturaleza, tambi\u00e9n hemos editado revistas de monta\u00f1a y viajes (El mundo de los Pirineos, Euskal Herria, Nora), adem\u00e1s de cartograf\u00eda. Un enorme universo de m\u00e1s de 700 t\u00edtulos, cientos de colaboradores, y miles de librer\u00edas y profesionales del sector que han participado en esta hermosa realidad y han contribuido a difundir nuestras propuestas. Y como no. Ahora no estar\u00edamos cumpliendo tantos a\u00f1os si no fuera por la fidelidad de nuestros incontables lectores y suscriptores. A todos, \u00a1\u00a1un mill\u00f3n de gracias!!<\/p>\n<p>Que siempre nos acompa\u00f1e un libro en nuestros viajes!<\/p>\n<p>Para cualquier duda, pregunta o propuesta que quieras hacernos, nos puedes encontrar en:<\/p>\n<p>Elkar Argitaletxea S.L. &#8211; Sua Edizioak<br \/>\nIparragirre, 26<br \/>\n48011 Bilbao<br \/>\nTel. 944 169 430<br \/>\nsua@sua.eus<\/p>\n","protected":false},"excerpt":{"rendered":"<p>SUA es una de las editoriales que forma parte de Elkar Argitaletxeak S.L. Naci\u00f3 en 1988 con unos valores que a\u00fan defendemos: nos mueven la monta\u00f1a, la cultura y la naturaleza, pero, sobre todo, la curiosidad y las ganas de conocer. As\u00ed, de nuestra redacci\u00f3n han salido decenas de miles de fotograf\u00edas, art\u00edculos, mapas, propuestas, [&hellip;]<\/p>\n","protected":false},"author":1,"featured_media":0,"parent":0,"menu_order":0,"comment_status":"closed","ping_status":"closed","template":"","meta":{"footnotes":""},"class_list":["post-862","page","type-page","status-publish","hentry"],"acf":[],"_links":{"self":[{"href":"https:\/\/sua.eus\/es\/wp-json\/wp\/v2\/pages\/862","targetHints":{"allow":["GET"]}}],"collection":[{"href":"https:\/\/sua.eus\/es\/wp-json\/wp\/v2\/pages"}],"about":[{"href":"https:\/\/sua.eus\/es\/wp-json\/wp\/v2\/types\/page"}],"author":[{"embeddable":true,"href":"https:\/\/sua.eus\/es\/wp-json\/wp\/v2\/users\/1"}],"replies":[{"embeddable":true,"href":"https:\/\/sua.eus\/es\/wp-json\/wp\/v2\/comments?post=862"}],"version-history":[{"count":3,"href":"https:\/\/sua.eus\/es\/wp-json\/wp\/v2\/pages\/862\/revisions"}],"predecessor-version":[{"id":5898,"href":"https:\/\/sua.eus\/es\/wp-json\/wp\/v2\/pages\/862\/revisions\/5898"}],"wp:attachment":[{"href":"https:\/\/sua.eus\/es\/wp-json\/wp\/v2\/media?parent=862"}],"curies":[{"name":"wp","href":"https:\/\/api.w.org\/{rel}","templated":true}]}}