{"id":877,"date":"2019-07-23T07:25:02","date_gmt":"2019-07-23T07:25:02","guid":{"rendered":"https:\/\/sua.eus\/?page_id=877"},"modified":"2019-07-23T08:35:07","modified_gmt":"2019-07-23T08:35:07","slug":"servicios-editoriales","status":"publish","type":"page","link":"https:\/\/sua.eus\/es\/servicios-editoriales\/","title":{"rendered":"Servicios editoriales"},"content":{"rendered":"<p>M\u00e1s de 30 a\u00f1os en el mundo del dise\u00f1o y la edici\u00f3n nos permiten ofrecer nuestros servicios a instituciones, empresas, organismos, asociaciones\u2026 para la realizaci\u00f3n de cualquier producto: libros (solo texto, con fotograf\u00edas, ilustraciones\u2026), revistas tur\u00edsticas, monta\u00f1eras, de historia, geograf\u00eda, etnograf\u00eda, folletos, planos, carteles, textos para webs, c\u00f3mics, mapas, libros de regalo en cajetines\u2026 cualquiera que sea tu proyecto editorial podemos echarte una mano all\u00ed donde la necesites.<\/p>\n<p>SUA edizioak cuenta con los mejores profesionales, altamente cualificados y experimentados.<\/p>\n<p>Nuestro servicio es amplio: desde corregir y dar forma al proyecto hasta la distribuci\u00f3n, pasando por dise\u00f1arlo y maquetarlo, enriquecerlo con im\u00e1genes o ilustraciones, prepararlo para su env\u00edo a imprenta y gestionar el trabajo con la misma. Los numerosos clientes que hemos tenido en estos a\u00f1os avalan nuestro quehacer: Medios de comunicaci\u00f3n (Deia, Gara, Diario Vasco, Berria, El Mundo, EITB\u2026), instituciones p\u00fablicas (Gobierno Vasco, ayuntamientos, diputaciones), empresas privadas (ULMA, Caja Vital, Eusko Tren, Aguas Veri, Eroski\u2026), clubes de monta\u00f1as, asociaciones\u2026<\/p>\n<p>Nuestra carta de presentaci\u00f3n son m\u00e1s de 300 t\u00edtulos, con colecciones de \u00e9xito, y tres revistas de larga vida: El mundo de los Pirineos, Euskal Herria y Nora.<\/p>\n","protected":false},"excerpt":{"rendered":"<p>M\u00e1s de 30 a\u00f1os en el mundo del dise\u00f1o y la edici\u00f3n nos permiten ofrecer nuestros servicios a instituciones, empresas, organismos, asociaciones\u2026 para la realizaci\u00f3n de cualquier producto: libros (solo texto, con fotograf\u00edas, ilustraciones\u2026), revistas tur\u00edsticas, monta\u00f1eras, de historia, geograf\u00eda, etnograf\u00eda, folletos, planos, carteles, textos para webs, c\u00f3mics, mapas, libros de regalo en cajetines\u2026 cualquiera [&hellip;]<\/p>\n","protected":false},"author":1,"featured_media":0,"parent":0,"menu_order":0,"comment_status":"closed","ping_status":"closed","template":"","meta":{"footnotes":""},"class_list":["post-877","page","type-page","status-publish","hentry"],"acf":[],"_links":{"self":[{"href":"https:\/\/sua.eus\/es\/wp-json\/wp\/v2\/pages\/877","targetHints":{"allow":["GET"]}}],"collection":[{"href":"https:\/\/sua.eus\/es\/wp-json\/wp\/v2\/pages"}],"about":[{"href":"https:\/\/sua.eus\/es\/wp-json\/wp\/v2\/types\/page"}],"author":[{"embeddable":true,"href":"https:\/\/sua.eus\/es\/wp-json\/wp\/v2\/users\/1"}],"replies":[{"embeddable":true,"href":"https:\/\/sua.eus\/es\/wp-json\/wp\/v2\/comments?post=877"}],"version-history":[{"count":4,"href":"https:\/\/sua.eus\/es\/wp-json\/wp\/v2\/pages\/877\/revisions"}],"predecessor-version":[{"id":915,"href":"https:\/\/sua.eus\/es\/wp-json\/wp\/v2\/pages\/877\/revisions\/915"}],"wp:attachment":[{"href":"https:\/\/sua.eus\/es\/wp-json\/wp\/v2\/media?parent=877"}],"curies":[{"name":"wp","href":"https:\/\/api.w.org\/{rel}","templated":true}]}}